{"id":33,"date":"2015-01-10T08:41:15","date_gmt":"2015-01-10T08:41:15","guid":{"rendered":"http:\/\/www.rol-lift.ee\/?page_id=33"},"modified":"2015-06-22T05:52:16","modified_gmt":"2015-06-22T05:52:16","slug":"vertikaalsed","status":"publish","type":"page","link":"https:\/\/www.rol-lift.ee\/et\/vertikaalsed\/","title":{"rendered":"Vertikaalsed t\u00f5stukid"},"content":{"rendered":"<p>Vertikaalsed platvormt\u00f5stukid on m\u00f5eldud vertikaal t\u00f5stmisele. Sobivad nii sisse kui v\u00e4lja kasutamisele. Pakume lai valik katte materjali ja v\u00e4rvi. K\u00f5ik tooded on EU sertifikaatiga.<\/p>\n<p>Meie firma pakub mittu erineva firma tooded sellest valdkonnas.<\/p>\n<p>\n\t\t<style type=\"text\/css\">\n\t\t\t#gallery-1 {\n\t\t\t\tmargin: auto;\n\t\t\t}\n\t\t\t#gallery-1 .gallery-item {\n\t\t\t\tfloat: left;\n\t\t\t\tmargin-top: 10px;\n\t\t\t\ttext-align: center;\n\t\t\t\twidth: 25%;\n\t\t\t}\n\t\t\t#gallery-1 img {\n\t\t\t\tborder: 2px solid #cfcfcf;\n\t\t\t}\n\t\t\t#gallery-1 .gallery-caption {\n\t\t\t\tmargin-left: 0;\n\t\t\t}\n\t\t\t\/* see gallery_shortcode() in wp-includes\/media.php *\/\n\t\t<\/style>\n\t\t<div id='gallery-1' class='gallery galleryid-33 gallery-columns-4 gallery-size-thumbnail'><dl class='gallery-item'>\n\t\t\t<dt class='gallery-icon portrait'>\n\t\t\t\t<a href='https:\/\/www.rol-lift.ee\/wp-content\/uploads\/2015\/01\/0121.jpg'><img loading=\"lazy\" decoding=\"async\" width=\"150\" height=\"150\" src=\"https:\/\/www.rol-lift.ee\/wp-content\/uploads\/2015\/01\/0121-150x150.jpg\" class=\"attachment-thumbnail size-thumbnail\" alt=\"\" \/><\/a>\n\t\t\t<\/dt><\/dl><dl class='gallery-item'>\n\t\t\t<dt class='gallery-icon portrait'>\n\t\t\t\t<a href='https:\/\/www.rol-lift.ee\/wp-content\/uploads\/2015\/01\/0125.jpg'><img loading=\"lazy\" decoding=\"async\" width=\"150\" height=\"150\" src=\"https:\/\/www.rol-lift.ee\/wp-content\/uploads\/2015\/01\/0125-150x150.jpg\" class=\"attachment-thumbnail size-thumbnail\" alt=\"\" \/><\/a>\n\t\t\t<\/dt><\/dl><dl class='gallery-item'>\n\t\t\t<dt class='gallery-icon landscape'>\n\t\t\t\t<a href='https:\/\/www.rol-lift.ee\/wp-content\/uploads\/2015\/01\/1040-1I.jpg'><img loading=\"lazy\" decoding=\"async\" width=\"150\" height=\"150\" src=\"https:\/\/www.rol-lift.ee\/wp-content\/uploads\/2015\/01\/1040-1I-150x150.jpg\" class=\"attachment-thumbnail size-thumbnail\" alt=\"\" \/><\/a>\n\t\t\t<\/dt><\/dl><dl class='gallery-item'>\n\t\t\t<dt class='gallery-icon portrait'>\n\t\t\t\t<a href='https:\/\/www.rol-lift.ee\/wp-content\/uploads\/2015\/01\/Copy-of-VTPM-.jpg'><img loading=\"lazy\" decoding=\"async\" width=\"150\" height=\"150\" src=\"https:\/\/www.rol-lift.ee\/wp-content\/uploads\/2015\/01\/Copy-of-VTPM--150x150.jpg\" class=\"attachment-thumbnail size-thumbnail\" alt=\"\" \/><\/a>\n\t\t\t<\/dt><\/dl><br style=\"clear: both\" \/><dl class='gallery-item'>\n\t\t\t<dt class='gallery-icon landscape'>\n\t\t\t\t<a href='https:\/\/www.rol-lift.ee\/wp-content\/uploads\/2015\/01\/P1020618.jpg'><img loading=\"lazy\" decoding=\"async\" width=\"150\" height=\"150\" src=\"https:\/\/www.rol-lift.ee\/wp-content\/uploads\/2015\/01\/P1020618-150x150.jpg\" class=\"attachment-thumbnail size-thumbnail\" alt=\"\" \/><\/a>\n\t\t\t<\/dt><\/dl><dl class='gallery-item'>\n\t\t\t<dt class='gallery-icon portrait'>\n\t\t\t\t<a href='https:\/\/www.rol-lift.ee\/wp-content\/uploads\/2015\/01\/P1020982.jpg'><img loading=\"lazy\" decoding=\"async\" width=\"150\" height=\"150\" src=\"https:\/\/www.rol-lift.ee\/wp-content\/uploads\/2015\/01\/P1020982-150x150.jpg\" class=\"attachment-thumbnail size-thumbnail\" alt=\"\" \/><\/a>\n\t\t\t<\/dt><\/dl><dl class='gallery-item'>\n\t\t\t<dt class='gallery-icon landscape'>\n\t\t\t\t<a href='https:\/\/www.rol-lift.ee\/wp-content\/uploads\/2015\/01\/P3131524.jpg'><img loading=\"lazy\" decoding=\"async\" width=\"150\" height=\"150\" src=\"https:\/\/www.rol-lift.ee\/wp-content\/uploads\/2015\/01\/P3131524-150x150.jpg\" class=\"attachment-thumbnail size-thumbnail\" alt=\"\" \/><\/a>\n\t\t\t<\/dt><\/dl><dl class='gallery-item'>\n\t\t\t<dt class='gallery-icon portrait'>\n\t\t\t\t<a href='https:\/\/www.rol-lift.ee\/wp-content\/uploads\/2015\/01\/P3131532.jpg'><img loading=\"lazy\" decoding=\"async\" width=\"150\" height=\"150\" src=\"https:\/\/www.rol-lift.ee\/wp-content\/uploads\/2015\/01\/P3131532-150x150.jpg\" class=\"attachment-thumbnail size-thumbnail\" alt=\"\" \/><\/a>\n\t\t\t<\/dt><\/dl><br style=\"clear: both\" \/><dl class='gallery-item'>\n\t\t\t<dt class='gallery-icon portrait'>\n\t\t\t\t<a href='https:\/\/www.rol-lift.ee\/wp-content\/uploads\/2015\/01\/P7121898.jpg'><img loading=\"lazy\" decoding=\"async\" width=\"150\" height=\"150\" src=\"https:\/\/www.rol-lift.ee\/wp-content\/uploads\/2015\/01\/P7121898-150x150.jpg\" class=\"attachment-thumbnail size-thumbnail\" alt=\"\" \/><\/a>\n\t\t\t<\/dt><\/dl><dl class='gallery-item'>\n\t\t\t<dt class='gallery-icon landscape'>\n\t\t\t\t<a href='https:\/\/www.rol-lift.ee\/wp-content\/uploads\/2015\/01\/P7121909.jpg'><img loading=\"lazy\" decoding=\"async\" width=\"150\" height=\"150\" src=\"https:\/\/www.rol-lift.ee\/wp-content\/uploads\/2015\/01\/P7121909-150x150.jpg\" class=\"attachment-thumbnail size-thumbnail\" alt=\"\" \/><\/a>\n\t\t\t<\/dt><\/dl><dl class='gallery-item'>\n\t\t\t<dt class='gallery-icon landscape'>\n\t\t\t\t<a href='https:\/\/www.rol-lift.ee\/wp-content\/uploads\/2015\/01\/VTPM-1040-2.jpg'><img loading=\"lazy\" decoding=\"async\" width=\"150\" height=\"150\" src=\"https:\/\/www.rol-lift.ee\/wp-content\/uploads\/2015\/01\/VTPM-1040-2-150x150.jpg\" class=\"attachment-thumbnail size-thumbnail\" alt=\"\" \/><\/a>\n\t\t\t<\/dt><\/dl><dl class='gallery-item'>\n\t\t\t<dt class='gallery-icon landscape'>\n\t\t\t\t<a href='https:\/\/www.rol-lift.ee\/wp-content\/uploads\/2015\/01\/VTPM-2000-1.jpg'><img loading=\"lazy\" decoding=\"async\" width=\"150\" height=\"150\" src=\"https:\/\/www.rol-lift.ee\/wp-content\/uploads\/2015\/01\/VTPM-2000-1-150x150.jpg\" class=\"attachment-thumbnail size-thumbnail\" alt=\"\" \/><\/a>\n\t\t\t<\/dt><\/dl><br style=\"clear: both\" \/><dl class='gallery-item'>\n\t\t\t<dt class='gallery-icon portrait'>\n\t\t\t\t<a href='https:\/\/www.rol-lift.ee\/wp-content\/uploads\/2015\/01\/VTPM-2000-2.jpg'><img loading=\"lazy\" decoding=\"async\" width=\"150\" height=\"150\" src=\"https:\/\/www.rol-lift.ee\/wp-content\/uploads\/2015\/01\/VTPM-2000-2-150x150.jpg\" class=\"attachment-thumbnail size-thumbnail\" alt=\"\" \/><\/a>\n\t\t\t<\/dt><\/dl><dl class='gallery-item'>\n\t\t\t<dt class='gallery-icon landscape'>\n\t\t\t\t<a href='https:\/\/www.rol-lift.ee\/wp-content\/uploads\/2015\/01\/VTPM-2000-3.jpg'><img loading=\"lazy\" decoding=\"async\" width=\"150\" height=\"150\" src=\"https:\/\/www.rol-lift.ee\/wp-content\/uploads\/2015\/01\/VTPM-2000-3-150x150.jpg\" class=\"attachment-thumbnail size-thumbnail\" alt=\"\" \/><\/a>\n\t\t\t<\/dt><\/dl><dl class='gallery-item'>\n\t\t\t<dt class='gallery-icon landscape'>\n\t\t\t\t<a href='https:\/\/www.rol-lift.ee\/wp-content\/uploads\/2015\/01\/VTPM-2000-4-mostik.jpg'><img loading=\"lazy\" decoding=\"async\" width=\"150\" height=\"150\" src=\"https:\/\/www.rol-lift.ee\/wp-content\/uploads\/2015\/01\/VTPM-2000-4-mostik-150x150.jpg\" class=\"attachment-thumbnail size-thumbnail\" alt=\"\" \/><\/a>\n\t\t\t<\/dt><\/dl><dl class='gallery-item'>\n\t\t\t<dt class='gallery-icon landscape'>\n\t\t\t\t<a href='https:\/\/www.rol-lift.ee\/wp-content\/uploads\/2015\/01\/VTPM-2000-5.jpg'><img loading=\"lazy\" decoding=\"async\" width=\"150\" height=\"150\" src=\"https:\/\/www.rol-lift.ee\/wp-content\/uploads\/2015\/01\/VTPM-2000-5-150x150.jpg\" class=\"attachment-thumbnail size-thumbnail\" alt=\"\" \/><\/a>\n\t\t\t<\/dt><\/dl><br style=\"clear: both\" \/><dl class='gallery-item'>\n\t\t\t<dt class='gallery-icon landscape'>\n\t\t\t\t<a href='https:\/\/www.rol-lift.ee\/wp-content\/uploads\/2015\/01\/VTPM-2000-6.jpg'><img loading=\"lazy\" decoding=\"async\" width=\"150\" height=\"150\" src=\"https:\/\/www.rol-lift.ee\/wp-content\/uploads\/2015\/01\/VTPM-2000-6-150x150.jpg\" class=\"attachment-thumbnail size-thumbnail\" alt=\"\" \/><\/a>\n\t\t\t<\/dt><\/dl><dl class='gallery-item'>\n\t\t\t<dt class='gallery-icon landscape'>\n\t\t\t\t<a href='https:\/\/www.rol-lift.ee\/wp-content\/uploads\/2015\/01\/VTPM-2000-7-ust-v-prijamok.jpg'><img loading=\"lazy\" decoding=\"async\" width=\"150\" height=\"150\" src=\"https:\/\/www.rol-lift.ee\/wp-content\/uploads\/2015\/01\/VTPM-2000-7-ust-v-prijamok-150x150.jpg\" class=\"attachment-thumbnail size-thumbnail\" alt=\"\" \/><\/a>\n\t\t\t<\/dt><\/dl><dl class='gallery-item'>\n\t\t\t<dt class='gallery-icon landscape'>\n\t\t\t\t<a href='https:\/\/www.rol-lift.ee\/wp-content\/uploads\/2015\/01\/VTPM-2000-8.jpg'><img loading=\"lazy\" decoding=\"async\" width=\"150\" height=\"150\" src=\"https:\/\/www.rol-lift.ee\/wp-content\/uploads\/2015\/01\/VTPM-2000-8-150x150.jpg\" class=\"attachment-thumbnail size-thumbnail\" alt=\"\" \/><\/a>\n\t\t\t<\/dt><\/dl><dl class='gallery-item'>\n\t\t\t<dt class='gallery-icon landscape'>\n\t\t\t\t<a href='https:\/\/www.rol-lift.ee\/wp-content\/uploads\/2015\/01\/VTPM-2000-9.jpg'><img loading=\"lazy\" decoding=\"async\" width=\"150\" height=\"150\" src=\"https:\/\/www.rol-lift.ee\/wp-content\/uploads\/2015\/01\/VTPM-2000-9-150x150.jpg\" class=\"attachment-thumbnail size-thumbnail\" alt=\"\" \/><\/a>\n\t\t\t<\/dt><\/dl><br style=\"clear: both\" \/>\n\t\t<\/div>\n<\/p>","protected":false},"excerpt":{"rendered":"<p>Vertikaalsed platvormt\u00f5stukid on m\u00f5eldud vertikaal t\u00f5stmisele. Sobivad nii sisse kui v\u00e4lja kasutamisele. Pakume lai valik katte materjali ja v\u00e4rvi. K\u00f5ik tooded on EU sertifikaatiga. Meie firma pakub mittu erineva firma tooded sellest valdkonnas.<\/p>\n","protected":false},"author":1,"featured_media":213,"parent":0,"menu_order":0,"comment_status":"open","ping_status":"open","template":"","meta":{"footnotes":""},"class_list":["post-33","page","type-page","status-publish","has-post-thumbnail","hentry"],"_links":{"self":[{"href":"https:\/\/www.rol-lift.ee\/et\/wp-json\/wp\/v2\/pages\/33","targetHints":{"allow":["GET"]}}],"collection":[{"href":"https:\/\/www.rol-lift.ee\/et\/wp-json\/wp\/v2\/pages"}],"about":[{"href":"https:\/\/www.rol-lift.ee\/et\/wp-json\/wp\/v2\/types\/page"}],"author":[{"embeddable":true,"href":"https:\/\/www.rol-lift.ee\/et\/wp-json\/wp\/v2\/users\/1"}],"replies":[{"embeddable":true,"href":"https:\/\/www.rol-lift.ee\/et\/wp-json\/wp\/v2\/comments?post=33"}],"version-history":[{"count":5,"href":"https:\/\/www.rol-lift.ee\/et\/wp-json\/wp\/v2\/pages\/33\/revisions"}],"predecessor-version":[{"id":394,"href":"https:\/\/www.rol-lift.ee\/et\/wp-json\/wp\/v2\/pages\/33\/revisions\/394"}],"wp:featuredmedia":[{"embeddable":true,"href":"https:\/\/www.rol-lift.ee\/et\/wp-json\/wp\/v2\/media\/213"}],"wp:attachment":[{"href":"https:\/\/www.rol-lift.ee\/et\/wp-json\/wp\/v2\/media?parent=33"}],"curies":[{"name":"wp","href":"https:\/\/api.w.org\/{rel}","templated":true}]}}