{"id":432,"date":"2015-01-29T08:58:21","date_gmt":"2015-01-29T08:58:21","guid":{"rendered":"http:\/\/www.rol-lift.ee\/?page_id=432"},"modified":"2019-12-29T17:05:10","modified_gmt":"2019-12-29T17:05:10","slug":"trepitostukid-firmast-lehner-lifttechnik","status":"publish","type":"page","link":"https:\/\/rol-lift.ee\/et\/kaldtrepi-tostukid\/trepitostukid-firmast-lehner-lifttechnik\/","title":{"rendered":"Trepit\u00f5stukid firmast Lehner Lifttechnik"},"content":{"rendered":"<p>Meil on hea meel tutvustada Teid ettev\u00f5tte Lechner Lifttehnik (Austria) toodega.<\/p>\n<p>Firma on 25 aastat mailma turul, ja nende tooded on usaldusv\u00e4\u00e4rsed ja\u00a0on saavutanud hea maine rahvusvahelisel turul.<\/p>\n<p><a href=\"http:\/\/www.rol-lift.ee\/wp-content\/uploads\/2015\/01\/aac6fe12ecdedd98923ac10671598fae.jpg\"><img loading=\"lazy\" decoding=\"async\" class=\"alignnone size-medium wp-image-437\" src=\"http:\/\/www.rol-lift.ee\/wp-content\/uploads\/2015\/01\/aac6fe12ecdedd98923ac10671598fae-300x225.jpg\" alt=\"aac6fe12ecdedd98923ac10671598fae\" width=\"300\" height=\"225\" srcset=\"https:\/\/rol-lift.ee\/wp-content\/uploads\/2015\/01\/aac6fe12ecdedd98923ac10671598fae-300x225.jpg 300w, https:\/\/rol-lift.ee\/wp-content\/uploads\/2015\/01\/aac6fe12ecdedd98923ac10671598fae.jpg 534w\" sizes=\"auto, (max-width: 300px) 100vw, 300px\" \/><\/a><\/p>\n<p>Mudel Omega<\/p>\n<p>Omega platvormt\u00f5stuk on k\u00f5ige mitmek\u00fclgsem lift turul.V\u00e4ga kompaktne ja ruumis\u00e4\u00e4stlik disain v\u00f5imaldab seadet paigaldada praktiliselt igas trepikojas ja minimaalset takistada m\u00f6\u00f6dujad.<\/p>\n<p><a href=\"http:\/\/www.rol-lift.ee\/wp-content\/uploads\/2015\/01\/b2c07e87750765ed78465edebee2e071.jpg\"><img loading=\"lazy\" decoding=\"async\" class=\"alignnone size-medium wp-image-435\" src=\"http:\/\/www.rol-lift.ee\/wp-content\/uploads\/2015\/01\/b2c07e87750765ed78465edebee2e071-300x225.jpg\" alt=\"b2c07e87750765ed78465edebee2e071\" width=\"300\" height=\"225\" srcset=\"https:\/\/rol-lift.ee\/wp-content\/uploads\/2015\/01\/b2c07e87750765ed78465edebee2e071-300x225.jpg 300w, https:\/\/rol-lift.ee\/wp-content\/uploads\/2015\/01\/b2c07e87750765ed78465edebee2e071.jpg 534w\" sizes=\"auto, (max-width: 300px) 100vw, 300px\" \/><\/a><\/p>\n<p>Mudel Delta<\/p>\n<p>Delta on ideaalne lahendus otse sise-ja v\u00e4listingimustes treppidel. Elegantne disain, v\u00e4ga \u00f5hukesti ehitatud, vaikne t\u00f6\u00f6. Oma ahvatleva disainiga lift sobib ideaalselt igasse \u00fcmbrusesse.\u00a0Delta on kiire ja lihtne paigaldada.<\/p>\n<p><a href=\"http:\/\/www.rol-lift.ee\/wp-content\/uploads\/2015\/01\/e546debfc32de401d169e114619ad3c5.jpg\"><img loading=\"lazy\" decoding=\"async\" class=\"alignnone size-medium wp-image-436\" src=\"http:\/\/www.rol-lift.ee\/wp-content\/uploads\/2015\/01\/e546debfc32de401d169e114619ad3c5-300x225.jpg\" alt=\"e546debfc32de401d169e114619ad3c5\" width=\"300\" height=\"225\" srcset=\"https:\/\/rol-lift.ee\/wp-content\/uploads\/2015\/01\/e546debfc32de401d169e114619ad3c5-300x225.jpg 300w, https:\/\/rol-lift.ee\/wp-content\/uploads\/2015\/01\/e546debfc32de401d169e114619ad3c5.jpg 534w\" sizes=\"auto, (max-width: 300px) 100vw, 300px\" \/><\/a><\/p>\n<p>&nbsp;<\/p>","protected":false},"excerpt":{"rendered":"<p>Meil on hea meel tutvustada Teid ettev\u00f5tte Lechner Lifttehnik (Austria) toodega. Firma on 25 aastat mailma turul, ja nende tooded on usaldusv\u00e4\u00e4rsed ja\u00a0on saavutanud hea maine rahvusvahelisel turul. Mudel Omega Omega platvormt\u00f5stuk on k\u00f5ige mitmek\u00fclgsem lift turul.V\u00e4ga kompaktne ja ruumis\u00e4\u00e4stlik disain v\u00f5imaldab seadet paigaldada praktiliselt igas trepikojas ja minimaalset takistada m\u00f6\u00f6dujad. Mudel Delta Delta on [&hellip;]<\/p>\n","protected":false},"author":2,"featured_media":0,"parent":35,"menu_order":0,"comment_status":"open","ping_status":"open","template":"","meta":{"footnotes":""},"class_list":["post-432","page","type-page","status-publish","hentry"],"_links":{"self":[{"href":"https:\/\/rol-lift.ee\/et\/wp-json\/wp\/v2\/pages\/432","targetHints":{"allow":["GET"]}}],"collection":[{"href":"https:\/\/rol-lift.ee\/et\/wp-json\/wp\/v2\/pages"}],"about":[{"href":"https:\/\/rol-lift.ee\/et\/wp-json\/wp\/v2\/types\/page"}],"author":[{"embeddable":true,"href":"https:\/\/rol-lift.ee\/et\/wp-json\/wp\/v2\/users\/2"}],"replies":[{"embeddable":true,"href":"https:\/\/rol-lift.ee\/et\/wp-json\/wp\/v2\/comments?post=432"}],"version-history":[{"count":4,"href":"https:\/\/rol-lift.ee\/et\/wp-json\/wp\/v2\/pages\/432\/revisions"}],"predecessor-version":[{"id":955,"href":"https:\/\/rol-lift.ee\/et\/wp-json\/wp\/v2\/pages\/432\/revisions\/955"}],"up":[{"embeddable":true,"href":"https:\/\/rol-lift.ee\/et\/wp-json\/wp\/v2\/pages\/35"}],"wp:attachment":[{"href":"https:\/\/rol-lift.ee\/et\/wp-json\/wp\/v2\/media?parent=432"}],"curies":[{"name":"wp","href":"https:\/\/api.w.org\/{rel}","templated":true}]}}